{"id":4260,"date":"2025-01-14T22:51:16","date_gmt":"2025-01-14T22:51:16","guid":{"rendered":"https:\/\/www.aquaphortooling.com\/plastic-injection-moulding\/"},"modified":"2025-03-31T09:43:04","modified_gmt":"2025-03-31T09:43:04","slug":"plastsurvevalu","status":"publish","type":"page","link":"https:\/\/www.aquaphortooling.com\/et\/plastsurvevalu\/","title":{"rendered":"Plastsurvevalu"},"content":{"rendered":"<h1>Plastsurvevalu<\/h1>\n<div>\n<p><span>Kasutades suure j\u00f5udlusega plast survevalu masinaid, muudame toorained t\u00e4ppiskomponentideks, mis vastavad meie klientide standarditele. Olgu tegemist protot\u00fc\u00fcpide v\u00f5i suuremahuliste partiide tootmisega, meie seadmed ja kogemus tagavad \u00fchtlase kvaliteedi, optimeeritud ts\u00fckliaja ja v\u00f5rratu t\u00f5hususe. Sukelduge meie v\u00f5imalustesse ja saage tunnistajaks uuenduste ja meisterlikkuse sujuvale kooslusele.<\/span><\/p>\n<\/div>\n<h2>Aquaphor Tooling plastist survevaluteenused<\/h2>\n<div>\n<p>Aquaphor Tooling on spetsialiseerunud t\u00e4ppisplastist survevalule, kasutades k\u00f5rgekvaliteediliste komponentide tootmiseks kaasaegseid termoplasti survevaluseadmeid. Meie v\u00f5imalused ulatuvad protot\u00fc\u00fcpimisest kuni suuremahulise tootmiseni, tagades, et osad on valmistatud t\u00e4psete spetsifikatsioonide j\u00e4rgi \u00fchtlase kvaliteedi ja t\u00e4psusega. T\u00e4iustatud masinate, optimeeritud ts\u00fckliaegade ja rangete kvaliteedikontrolli protsessidega tarnime komponente, mis vastavad k\u00f5ige n\u00f5udlikumatele t\u00f6\u00f6stusstandarditele.<\/p>\n<p>Meie kogenud tehnikute ja inseneride meeskond teeb klientidega tihedat koost\u00f6\u00f6d, et tagada t\u00f5rgeteta tootmine alates disainist kuni l\u00f5pptooteni. Usaldage Aquaphor Toolingut plastist survevalu uuenduslike lahenduste ja \u00fcletamatu efektiivsuse jaoks.<\/p>\n<\/div>\n<p><img decoding=\"async\" src=\"\/wp-content\/uploads\/2025\/01\/plastic-injection-molding-machine-aquaphor-tooling.jpg\" alt=\"\"><\/p>\n<div>\n<p>PARTNERID:<\/p>\n<\/div>\n<ul>\n<li>\n<p>        <img decoding=\"async\" src=\"\/wp-content\/uploads\/2025\/01\/waterfilters-aquaphor.jpg\" alt=\"\"><\/p>\n<p><a href=\"https:\/\/aquaphor.com\/en-ee\"><\/a><\/p>\n<\/li>\n<li>\n<p>        <img decoding=\"async\" src=\"\/wp-content\/uploads\/2025\/01\/professional-aquaphor.jpg\" alt=\"\"><\/p>\n<p><a href=\"https:\/\/aquaphorpro.com\/\"><\/a><\/p>\n<\/li>\n<li>\n<p>        <img decoding=\"async\" src=\"\/wp-content\/uploads\/2025\/01\/waterfilters-aquaphor.jpg\" alt=\"\"><\/p>\n<p><a href=\"https:\/\/aquaphor.com\/en-ee\"><\/a><\/p>\n<\/li>\n<li>\n<p>        <img decoding=\"async\" src=\"\/wp-content\/uploads\/2025\/01\/professional-aquaphor.jpg\" alt=\"\"><\/p>\n<p><a href=\"https:\/\/aquaphorpro.com\/\"><\/a><\/p>\n<\/li>\n<li>\n<p>        <img decoding=\"async\" src=\"\/wp-content\/uploads\/2025\/01\/waterfilters-aquaphor.jpg\" alt=\"\"><\/p>\n<p><a href=\"https:\/\/aquaphor.com\/en-ee\"><\/a><\/p>\n<\/li>\n<li>\n<p>        <img decoding=\"async\" src=\"\/wp-content\/uploads\/2025\/01\/professional-aquaphor.jpg\" alt=\"\"><\/p>\n<p><a href=\"https:\/\/aquaphorpro.com\/\"><\/a><\/p>\n<\/li>\n<\/ul>\n<p><a href=\"\/index.php\"><img decoding=\"async\" src=\"\/wp-content\/uploads\/2024\/11\/AQUAPHORTooling-Logo-White.png\" alt=\"Design Escapes\"><\/a><\/p>\n<div>\n<p><strong>Aquaphor International O\u00dc<\/strong><br \/><span>Reg. nr.\u00a0<\/span><strong>11207974<\/strong><\/p>\n<\/div>\n<div>\n<p>TOOTED &amp; TEENUSED:<\/p>\n<\/div>\n<ul>\n<li>\n<p><a href=\"https:\/\/www.aquaphortooling.com\/et\/pressvormid-ja-plastsurvevaluvormid\/\">Press- ja plast survevaluvormid<\/a><\/p>\n<\/li>\n<li>\n<p><a href=\"https:\/\/www.aquaphortooling.com\/et\/stantsid-ja-stantsimistooriistad\/\">Stantsid ja stantsimist\u00f6\u00f6riistad<\/a><\/p>\n<\/li>\n<li>\n<p><a href=\"https:\/\/www.aquaphortooling.com\/et\/peenmehaanika-metalltoodete-tapne-mehaaniline-tootlemine\/\">Peenmehaanika<\/a><\/p>\n<\/li>\n<li>\n<p><a href=\"https:\/\/www.aquaphortooling.com\/et\/plastsurvevalu\/\">Plastsurvevalu<\/a><\/p>\n<\/li>\n<li>\n<p><a href=\"https:\/\/www.aquaphortooling.com\/et\/remont-ja-hooldus\/\">Remont ja hooldus<\/a><\/p>\n<\/li>\n<\/ul>\n<div>\n<p>KIIRLINGID:<\/p>\n<\/div>\n<ul>\n<li>\n<p><a href=\"https:\/\/www.aquaphortooling.com\/et\/\">Avaleht<\/a><\/p>\n<\/li>\n<li>\n<p><a href=\"https:\/\/www.aquaphortooling.com\/et\/#tootedjateenused\">Tooted &#038; teenused<\/a><\/p>\n<\/li>\n<li>\n<p><a href=\"https:\/\/www.aquaphortooling.com\/et\/#ettevottest\">Ettev\u00f5ttest<\/a><\/p>\n<\/li>\n<li>\n<p><a href=\"https:\/\/www.aquaphortooling.com\/et\/portfoolio-tehtudtood\/\">Tehtud t\u00f6\u00f6d<\/a><\/p>\n<\/li>\n<li>\n<p><a href=\"https:\/\/www.aquaphortooling.com\/et\/peenmehaanika-metalltoodete-tapne-mehaaniline-tootlemine\/\">Masinapark<\/a><\/p>\n<\/li>\n<\/ul>\n<div>\n<p>J\u00c4LGI MEID:<\/p>\n<\/div>\n<ul>\n<li><a href=\"https:\/\/www.linkedin.com\/company\/aquaphortooling\/\">linkedin<\/a>\n<\/li>\n<\/ul>\n<div>\n<p>\u00a9 <script> document.currentScript.insertAdjacentHTML('afterend', '<time datetime=\"' + new Date().toJSON() + '\">' + new Intl.DateTimeFormat(document.documentElement.lang, {year: 'numeric'}).format() + '<\/time>');     <\/script> <span>Aquaphor Tooling<\/span><\/p>\n<\/div>\n<p><!--more--><br \/>\n<!-- {\"type\":\"layout\",\"children\":[{\"type\":\"section\",\"props\":{\"animation\":\"fade\",\"header_transparent\":false,\"header_transparent_text_color\":\"light\",\"height_offset_top\":false,\"image\":\"wp-content\\\/uploads\\\/2025\\\/01\\\/plastic-injection-moulding-aquaphortooling.jpg\",\"image_position\":\"center-center\",\"image_size\":\"cover\",\"media_overlay\":\"rgba(0, 0, 0, 0.6)\",\"style\":\"default\",\"title_breakpoint\":\"xl\",\"title_position\":\"top-left\",\"title_rotation\":\"left\",\"vertical_align\":\"middle\",\"width\":\"large\"},\"children\":[{\"type\":\"row\",\"children\":[{\"type\":\"column\",\"props\":{\"image_position\":\"center-center\",\"position_sticky_breakpoint\":\"m\",\"text_color\":\"light\",\"vertical_align\":\"middle\"},\"children\":[{\"type\":\"headline\",\"props\":{\"content\":\"Plastsurvevalu\",\"margin_remove_bottom\":false,\"margin_remove_top\":false,\"text_align\":\"left\",\"title_element\":\"h1\",\"title_style\":\"h1\"}},{\"type\":\"text\",\"props\":{\"column_breakpoint\":\"m\",\"content\":\"\n\n<p><span>Kasutades suure j\\u00f5udlusega plast survevalu masinaid, muudame toorained t\\u00e4ppiskomponentideks, mis vastavad meie klientide standarditele. Olgu tegemist protot\\u00fc\\u00fcpide v\\u00f5i suuremahuliste partiide tootmisega, meie seadmed ja kogemus tagavad \\u00fchtlase kvaliteedi, optimeeritud ts\\u00fckliaja ja v\\u00f5rratu t\\u00f5hususe. Sukelduge meie v\\u00f5imalustesse ja saage tunnistajaks uuenduste ja meisterlikkuse sujuvale kooslusele.<\\\/span><\\\/p>\",\"margin\":\"default\",\"maxwidth_breakpoint\":\"l\"}}]}]}],\"name\":\"Hero\"},{\"type\":\"section\",\"props\":{\"animation\":\"fade\",\"image_position\":\"center-center\",\"padding_remove_bottom\":false,\"style\":\"default\",\"title_breakpoint\":\"xl\",\"title_position\":\"top-left\",\"title_rotation\":\"left\",\"vertical_align\":\"\",\"width\":\"large\"},\"children\":[{\"type\":\"row\",\"props\":{\"column_gap\":\"large\",\"layout\":\"1-2,1-2\"},\"children\":[{\"type\":\"column\",\"props\":{\"image_position\":\"center-center\",\"position_sticky_breakpoint\":\"m\",\"width_medium\":\"1-2\"},\"children\":[{\"type\":\"headline\",\"props\":{\"content\":\"Aquaphor Tooling plastist survevaluteenused\",\"title_element\":\"h2\"}},{\"type\":\"text\",\"props\":{\"column_breakpoint\":\"m\",\"content\":\"\n\n<p>Aquaphor Tooling on spetsialiseerunud t\\u00e4ppisplastist survevalule, kasutades k\\u00f5rgekvaliteediliste komponentide tootmiseks kaasaegseid termoplasti survevaluseadmeid. Meie v\\u00f5imalused ulatuvad protot\\u00fc\\u00fcpimisest kuni suuremahulise tootmiseni, tagades, et osad on valmistatud t\\u00e4psete spetsifikatsioonide j\\u00e4rgi \\u00fchtlase kvaliteedi ja t\\u00e4psusega. T\\u00e4iustatud masinate, optimeeritud ts\\u00fckliaegade ja rangete kvaliteedikontrolli protsessidega tarnime komponente, mis vastavad k\\u00f5ige n\\u00f5udlikumatele t\\u00f6\\u00f6stusstandarditele.<\\\/p>\\n\n\n<p>Meie kogenud tehnikute ja inseneride meeskond teeb klientidega tihedat koost\\u00f6\\u00f6d, et tagada t\\u00f5rgeteta tootmine alates disainist kuni l\\u00f5pptooteni. Usaldage Aquaphor Toolingut plastist survevalu uuenduslike lahenduste ja \\u00fcletamatu efektiivsuse jaoks.<\\\/p>\",\"margin\":\"default\",\"maxwidth\":\"2xlarge\",\"maxwidth_breakpoint\":\"l\"}}]},{\"type\":\"column\",\"props\":{\"image_position\":\"center-center\",\"position_sticky_breakpoint\":\"m\",\"style\":\"card-default\",\"width_medium\":\"1-2\"},\"children\":[{\"type\":\"image\",\"props\":{\"image\":\"wp-content\\\/uploads\\\/2025\\\/01\\\/plastic-injection-molding-machine-aquaphor-tooling.jpg\",\"image_svg_color\":\"emphasis\",\"margin\":\"default\",\"text_align\":\"center\"}}]}]}],\"name\":\"Plastic Injection Moulding Services by Aquaphor Tooling\"},{\"name\":\"Footer Eesti\",\"type\":\"section\",\"props\":{\"animation\":\"fade\",\"image_position\":\"center-center\",\"image_size\":\"cover\",\"padding_remove_bottom\":true,\"style\":\"primary\",\"title_breakpoint\":\"xl\",\"title_position\":\"top-left\",\"title_rotation\":\"left\",\"vertical_align\":\"\",\"width\":\"large\"},\"children\":[{\"type\":\"row\",\"props\":{\"row_gap\":\"large\"},\"children\":[{\"type\":\"column\",\"props\":{\"image_position\":\"center-center\",\"position_sticky_breakpoint\":\"m\",\"style\":\"card-default\"},\"children\":[{\"type\":\"text\",\"props\":{\"column_breakpoint\":\"m\",\"content\":\"\n\n<p>PARTNERID:<\\\/p>\",\"margin\":\"default\",\"text_align\":\"left\",\"text_align_breakpoint\":\"m\",\"text_align_fallback\":\"center\",\"text_style\":\"small\"}},{\"type\":\"overlay-slider\",\"props\":{\"link_style\":\"default\",\"link_target\":true,\"link_text\":\"\",\"margin\":\"default\",\"meta_align\":\"below-title\",\"meta_element\":\"div\",\"meta_style\":\"text-meta\",\"nav\":\"dotnav\",\"nav_align\":\"center\",\"nav_below\":true,\"nav_breakpoint\":\"s\",\"nav_position\":\"bottom-center\",\"nav_position_margin\":\"medium\",\"overlay_link\":true,\"overlay_mode\":\"cover\",\"overlay_position\":\"center\",\"overlay_transition\":\"fade\",\"show_content\":true,\"show_hover_image\":true,\"show_hover_video\":true,\"show_link\":true,\"show_meta\":true,\"show_title\":true,\"slidenav\":\"\",\"slidenav_breakpoint\":\"s\",\"slidenav_margin\":\"medium\",\"slidenav_outside_breakpoint\":\"xl\",\"slider_autoplay\":true,\"slider_autoplay_pause\":false,\"slider_gap\":\"default\",\"slider_width\":\"fixed\",\"slider_width_default\":\"1-2\",\"slider_width_medium\":\"1-5\",\"text_align\":\"center\",\"title_element\":\"h3\",\"title_hover_style\":\"reset\"},\"children\":[{\"type\":\"overlay-slider_item\",\"props\":{\"image\":\"wp-content\\\/uploads\\\/2025\\\/01\\\/waterfilters-aquaphor.jpg\",\"link\":\"https:\\\/\\\/aquaphor.com\\\/en-ee\"}},{\"type\":\"overlay-slider_item\",\"props\":{\"image\":\"wp-content\\\/uploads\\\/2025\\\/01\\\/professional-aquaphor.jpg\",\"link\":\"https:\\\/\\\/aquaphorpro.com\\\/\"}},{\"type\":\"overlay-slider_item\",\"props\":{\"image\":\"wp-content\\\/uploads\\\/2025\\\/01\\\/waterfilters-aquaphor.jpg\",\"link\":\"https:\\\/\\\/aquaphor.com\\\/en-ee\"}},{\"type\":\"overlay-slider_item\",\"props\":{\"image\":\"wp-content\\\/uploads\\\/2025\\\/01\\\/professional-aquaphor.jpg\",\"link\":\"https:\\\/\\\/aquaphorpro.com\\\/\"}},{\"type\":\"overlay-slider_item\",\"props\":{\"image\":\"wp-content\\\/uploads\\\/2025\\\/01\\\/waterfilters-aquaphor.jpg\",\"link\":\"https:\\\/\\\/aquaphor.com\\\/en-ee\"}},{\"type\":\"overlay-slider_item\",\"props\":{\"image\":\"wp-content\\\/uploads\\\/2025\\\/01\\\/professional-aquaphor.jpg\",\"link\":\"https:\\\/\\\/aquaphorpro.com\\\/\"}}]}]}]},{\"type\":\"row\",\"props\":{\"layout\":\"1-4,1-4,1-4,1-4|1-2,1-2,1-2,1-2\",\"row_gap\":\"large\"},\"children\":[{\"type\":\"column\",\"props\":{\"image_position\":\"center-center\",\"position_sticky_breakpoint\":\"m\",\"width_medium\":\"1-4\",\"width_small\":\"1-2\"},\"children\":[{\"type\":\"image\",\"props\":{\"animation\":\"slide-top-small\",\"image\":\"wp-content\\\/uploads\\\/2024\\\/11\\\/AQUAPHORTooling-Logo-White.png\",\"image_alt\":\"Design Escapes\",\"image_svg_color\":\"primary\",\"image_svg_inline\":true,\"image_width\":223,\"link\":\"index.php\",\"margin\":\"default\",\"text_align\":\"left\",\"text_align_breakpoint\":\"m\",\"text_align_fallback\":\"center\"}},{\"type\":\"text\",\"props\":{\"class\":\"infolaks\",\"column_breakpoint\":\"m\",\"content\":\"\n\n<p><strong>Aquaphor International O\\u00dc<\\\/strong><br \\\/><span>Reg. nr.\\u00a0<\\\/span><strong>11207974<\\\/strong><\\\/p>\",\"id\":\"infolaks\",\"margin\":\"default\",\"text_align\":\"left\",\"text_align_breakpoint\":\"m\",\"text_align_fallback\":\"center\",\"text_color\":\"muted\",\"text_style\":\"small\"},\"name\":\"infolaks\"}]},{\"type\":\"column\",\"props\":{\"image_position\":\"center-center\",\"position_sticky_breakpoint\":\"m\",\"width_medium\":\"1-4\",\"width_small\":\"1-2\"},\"children\":[{\"type\":\"text\",\"props\":{\"column_breakpoint\":\"m\",\"content\":\"\n\n<p>TOOTED &amp; TEENUSED:<\\\/p>\",\"margin\":\"default\",\"text_align\":\"left\",\"text_align_breakpoint\":\"m\",\"text_align_fallback\":\"center\",\"text_color\":\"muted\",\"text_style\":\"small\"}},{\"type\":\"nav\",\"props\":{\"grid\":\"1\",\"image_vertical_align\":true,\"nav_style\":\"default\",\"show_image\":true,\"show_meta\":true,\"text_align\":\"left\",\"text_align_breakpoint\":\"m\",\"text_align_fallback\":\"center\"},\"children\":[{\"type\":\"nav_item\",\"props\":{\"content\":\"Press- ja plast survevaluvormid\",\"link\":\"https:\\\/\\\/www.aquaphortooling.com\\\/et\\\/pressvormid-ja-plastsurvevaluvormid\\\/\"}},{\"type\":\"nav_item\",\"props\":{\"content\":\"Stantsid ja stantsimist\\u00f6\\u00f6riistad\",\"link\":\"https:\\\/\\\/www.aquaphortooling.com\\\/et\\\/stantsid-ja-stantsimistooriistad\\\/\"}},{\"type\":\"nav_item\",\"props\":{\"content\":\"Peenmehaanika\",\"link\":\"https:\\\/\\\/www.aquaphortooling.com\\\/et\\\/peenmehaanika-metalltoodete-tapne-mehaaniline-tootlemine\\\/\"}},{\"type\":\"nav_item\",\"props\":{\"content\":\"Plastsurvevalu\",\"link\":\"https:\\\/\\\/www.aquaphortooling.com\\\/et\\\/plastsurvevalu\\\/\"}},{\"type\":\"nav_item\",\"props\":{\"content\":\"Remont ja hooldus\",\"link\":\"https:\\\/\\\/www.aquaphortooling.com\\\/et\\\/remont-ja-hooldus\\\/\"}}]}]},{\"type\":\"column\",\"props\":{\"image_position\":\"center-center\",\"position_sticky_breakpoint\":\"m\",\"width_medium\":\"1-4\",\"width_small\":\"1-2\"},\"children\":[{\"type\":\"text\",\"props\":{\"column_breakpoint\":\"m\",\"content\":\"\n\n<p>KIIRLINGID:<\\\/p>\",\"margin\":\"default\",\"text_align\":\"left\",\"text_align_breakpoint\":\"m\",\"text_align_fallback\":\"center\",\"text_color\":\"muted\",\"text_style\":\"small\"}},{\"type\":\"nav\",\"props\":{\"grid\":\"1\",\"image_vertical_align\":true,\"nav_style\":\"default\",\"show_image\":true,\"show_meta\":true,\"text_align\":\"left\",\"text_align_breakpoint\":\"m\",\"text_align_fallback\":\"center\"},\"children\":[{\"type\":\"nav_item\",\"props\":{\"content\":\"Avaleht\",\"link\":\"https:\\\/\\\/www.aquaphortooling.com\\\/et\\\/\"}},{\"type\":\"nav_item\",\"props\":{\"content\":\"Tooted & teenused\",\"link\":\"https:\\\/\\\/www.aquaphortooling.com\\\/et\\\/#tootedjateenused\"}},{\"type\":\"nav_item\",\"props\":{\"content\":\"Ettev\\u00f5ttest\",\"link\":\"https:\\\/\\\/www.aquaphortooling.com\\\/et\\\/#ettevottest\"}},{\"type\":\"nav_item\",\"props\":{\"content\":\"Tehtud t\\u00f6\\u00f6d\",\"link\":\"https:\\\/\\\/www.aquaphortooling.com\\\/et\\\/portfoolio-tehtudtood\\\/\"}},{\"type\":\"nav_item\",\"props\":{\"content\":\"Masinapark\",\"link\":\"https:\\\/\\\/www.aquaphortooling.com\\\/et\\\/peenmehaanika-metalltoodete-tapne-mehaaniline-tootlemine\\\/\"}}]}]},{\"type\":\"column\",\"props\":{\"image_position\":\"center-center\",\"position_sticky_breakpoint\":\"m\",\"width_medium\":\"1-4\",\"width_small\":\"1-2\"},\"children\":[{\"type\":\"text\",\"props\":{\"column_breakpoint\":\"m\",\"content\":\"\n\n<p>J\\u00c4LGI MEID:<\\\/p>\",\"margin\":\"default\",\"text_align\":\"left\",\"text_align_breakpoint\":\"m\",\"text_align_fallback\":\"center\",\"text_color\":\"muted\",\"text_style\":\"small\"}},{\"type\":\"social\",\"props\":{\"animation\":\"slide-right-small\",\"grid\":\"horizontal\",\"grid_column_gap\":\"small\",\"grid_row_gap\":\"small\",\"icon_width\":\"22\",\"image_height\":\"22\",\"image_svg_inline\":true,\"image_width\":\"22\",\"link_style\":\"\",\"link_target\":true,\"margin\":\"remove-vertical\",\"text_align\":\"left\",\"text_align_breakpoint\":\"m\",\"text_align_fallback\":\"center\"},\"children\":[{\"type\":\"social_item\",\"props\":{\"link\":\"https:\\\/\\\/www.linkedin.com\\\/company\\\/aquaphortooling\\\/\"}}]}]}]},{\"type\":\"row\",\"props\":{\"layout\":\"1-2,1-2\",\"width\":\"large\"},\"children\":[{\"type\":\"column\",\"props\":{\"image_position\":\"center-center\",\"position_sticky_breakpoint\":\"m\",\"vertical_align\":\"middle\",\"width_medium\":\"1-2\"}},{\"type\":\"column\",\"props\":{\"image_position\":\"center-center\",\"order_first\":\"m\",\"position_sticky_breakpoint\":\"m\",\"vertical_align\":\"middle\",\"width_medium\":\"1-2\"},\"children\":[{\"type\":\"text\",\"props\":{\"class\":\"copyright\",\"column_breakpoint\":\"m\",\"content\":\"\n\n<p>\\u00a9 <script> document.currentScript.insertAdjacentHTML('afterend', '<time datetime=\\\"' + new Date().toJSON() + '\\\">' + new Intl.DateTimeFormat(document.documentElement.lang, {year: 'numeric'}).format() + '<\\\/time>');     <\\\/script> <span>Aquaphor Tooling<\\\/span><\\\/p>\",\"id\":\"copyright\",\"margin\":\"default\",\"text_align\":\"left\",\"text_align_breakpoint\":\"m\",\"text_align_fallback\":\"center\",\"text_color\":\"muted\",\"text_style\":\"small\"},\"name\":\"copyright\"}]}]}]}],\"version\":\"4.5.4\"} --><\/p>\n","protected":false},"excerpt":{"rendered":"<p>Plastsurvevalu Kasutades suure j\u00f5udlusega plast survevalu masinaid, muudame toorained t\u00e4ppiskomponentideks, mis vastavad meie klientide standarditele. Olgu tegemist protot\u00fc\u00fcpide v\u00f5i suuremahuliste partiide tootmisega, meie seadmed ja kogemus tagavad \u00fchtlase kvaliteedi, optimeeritud ts\u00fckliaja ja v\u00f5rratu t\u00f5hususe. Sukelduge meie v\u00f5imalustesse ja saage tunnistajaks uuenduste ja meisterlikkuse sujuvale kooslusele. Aquaphor Tooling plastist survevaluteenused Aquaphor Tooling on spetsialiseerunud t\u00e4ppisplastist survevalule, [&hellip;]<\/p>\n","protected":false},"author":1,"featured_media":0,"parent":0,"menu_order":7,"comment_status":"open","ping_status":"open","template":"","meta":{"_acf_changed":false,"_monsterinsights_skip_tracking":false,"_monsterinsights_sitenote_active":false,"_monsterinsights_sitenote_note":"","_monsterinsights_sitenote_category":0,"footnotes":""},"class_list":["post-4260","page","type-page","status-publish","hentry"],"acf":[],"yoast_head":"<!-- This site is optimized with the Yoast SEO plugin v24.8.1 - https:\/\/yoast.com\/wordpress\/plugins\/seo\/ -->\n<title>Plastsurvevalu - survevaluvormid protot\u00fc\u00fcpimisel, parim kvaliteet<\/title>\n<meta name=\"description\" content=\"Plastsurvevalu tagab kvaliteetsed ja t\u00e4psed plastdetailid. Meie seadmed ja professionaalne meeskond garanteerivad usaldusv\u00e4\u00e4rse tulemuse.\" \/>\n<meta name=\"robots\" content=\"index, follow, max-snippet:-1, max-image-preview:large, max-video-preview:-1\" \/>\n<link rel=\"canonical\" href=\"https:\/\/www.aquaphortooling.com\/et\/plastsurvevalu\/\" \/>\n<meta property=\"og:locale\" content=\"et_EE\" \/>\n<meta property=\"og:type\" content=\"article\" \/>\n<meta property=\"og:title\" content=\"Plastsurvevalu - survevaluvormid protot\u00fc\u00fcpimisel, parim kvaliteet\" \/>\n<meta property=\"og:description\" content=\"Plastsurvevalu tagab kvaliteetsed ja t\u00e4psed plastdetailid. Meie seadmed ja professionaalne meeskond garanteerivad usaldusv\u00e4\u00e4rse tulemuse.\" \/>\n<meta property=\"og:url\" content=\"https:\/\/www.aquaphortooling.com\/et\/plastsurvevalu\/\" \/>\n<meta property=\"og:site_name\" content=\"Aquaphor Tooling\" \/>\n<meta property=\"article:modified_time\" content=\"2025-03-31T09:43:04+00:00\" \/>\n<meta name=\"twitter:card\" content=\"summary_large_image\" \/>\n<meta name=\"twitter:label1\" content=\"Est. reading time\" \/>\n\t<meta name=\"twitter:data1\" content=\"1 minut\" \/>\n<script type=\"application\/ld+json\" class=\"yoast-schema-graph\">{\"@context\":\"https:\/\/schema.org\",\"@graph\":[{\"@type\":\"WebPage\",\"@id\":\"https:\/\/www.aquaphortooling.com\/et\/plastsurvevalu\/\",\"url\":\"https:\/\/www.aquaphortooling.com\/et\/plastsurvevalu\/\",\"name\":\"Plastsurvevalu - survevaluvormid protot\u00fc\u00fcpimisel, parim kvaliteet\",\"isPartOf\":{\"@id\":\"https:\/\/www.aquaphortooling.com\/#website\"},\"datePublished\":\"2025-01-14T22:51:16+00:00\",\"dateModified\":\"2025-03-31T09:43:04+00:00\",\"description\":\"Plastsurvevalu tagab kvaliteetsed ja t\u00e4psed plastdetailid. Meie seadmed ja professionaalne meeskond garanteerivad usaldusv\u00e4\u00e4rse tulemuse.\",\"breadcrumb\":{\"@id\":\"https:\/\/www.aquaphortooling.com\/et\/plastsurvevalu\/#breadcrumb\"},\"inLanguage\":\"et\",\"potentialAction\":[{\"@type\":\"ReadAction\",\"target\":[\"https:\/\/www.aquaphortooling.com\/et\/plastsurvevalu\/\"]}]},{\"@type\":\"BreadcrumbList\",\"@id\":\"https:\/\/www.aquaphortooling.com\/et\/plastsurvevalu\/#breadcrumb\",\"itemListElement\":[{\"@type\":\"ListItem\",\"position\":1,\"name\":\"Home\",\"item\":\"https:\/\/www.aquaphortooling.com\/\"},{\"@type\":\"ListItem\",\"position\":2,\"name\":\"Plastsurvevalu\"}]},{\"@type\":\"WebSite\",\"@id\":\"https:\/\/www.aquaphortooling.com\/#website\",\"url\":\"https:\/\/www.aquaphortooling.com\/\",\"name\":\"Aquaphor Tooling\",\"description\":\"\",\"potentialAction\":[{\"@type\":\"SearchAction\",\"target\":{\"@type\":\"EntryPoint\",\"urlTemplate\":\"https:\/\/www.aquaphortooling.com\/?s={search_term_string}\"},\"query-input\":{\"@type\":\"PropertyValueSpecification\",\"valueRequired\":true,\"valueName\":\"search_term_string\"}}],\"inLanguage\":\"et\"}]}<\/script>\n<!-- \/ Yoast SEO plugin. -->","yoast_head_json":{"title":"Plastsurvevalu - survevaluvormid protot\u00fc\u00fcpimisel, parim kvaliteet","description":"Plastsurvevalu tagab kvaliteetsed ja t\u00e4psed plastdetailid. Meie seadmed ja professionaalne meeskond garanteerivad usaldusv\u00e4\u00e4rse tulemuse.","robots":{"index":"index","follow":"follow","max-snippet":"max-snippet:-1","max-image-preview":"max-image-preview:large","max-video-preview":"max-video-preview:-1"},"canonical":"https:\/\/www.aquaphortooling.com\/et\/plastsurvevalu\/","og_locale":"et_EE","og_type":"article","og_title":"Plastsurvevalu - survevaluvormid protot\u00fc\u00fcpimisel, parim kvaliteet","og_description":"Plastsurvevalu tagab kvaliteetsed ja t\u00e4psed plastdetailid. Meie seadmed ja professionaalne meeskond garanteerivad usaldusv\u00e4\u00e4rse tulemuse.","og_url":"https:\/\/www.aquaphortooling.com\/et\/plastsurvevalu\/","og_site_name":"Aquaphor Tooling","article_modified_time":"2025-03-31T09:43:04+00:00","twitter_card":"summary_large_image","twitter_misc":{"Est. reading time":"1 minut"},"schema":{"@context":"https:\/\/schema.org","@graph":[{"@type":"WebPage","@id":"https:\/\/www.aquaphortooling.com\/et\/plastsurvevalu\/","url":"https:\/\/www.aquaphortooling.com\/et\/plastsurvevalu\/","name":"Plastsurvevalu - survevaluvormid protot\u00fc\u00fcpimisel, parim kvaliteet","isPartOf":{"@id":"https:\/\/www.aquaphortooling.com\/#website"},"datePublished":"2025-01-14T22:51:16+00:00","dateModified":"2025-03-31T09:43:04+00:00","description":"Plastsurvevalu tagab kvaliteetsed ja t\u00e4psed plastdetailid. Meie seadmed ja professionaalne meeskond garanteerivad usaldusv\u00e4\u00e4rse tulemuse.","breadcrumb":{"@id":"https:\/\/www.aquaphortooling.com\/et\/plastsurvevalu\/#breadcrumb"},"inLanguage":"et","potentialAction":[{"@type":"ReadAction","target":["https:\/\/www.aquaphortooling.com\/et\/plastsurvevalu\/"]}]},{"@type":"BreadcrumbList","@id":"https:\/\/www.aquaphortooling.com\/et\/plastsurvevalu\/#breadcrumb","itemListElement":[{"@type":"ListItem","position":1,"name":"Home","item":"https:\/\/www.aquaphortooling.com\/"},{"@type":"ListItem","position":2,"name":"Plastsurvevalu"}]},{"@type":"WebSite","@id":"https:\/\/www.aquaphortooling.com\/#website","url":"https:\/\/www.aquaphortooling.com\/","name":"Aquaphor Tooling","description":"","potentialAction":[{"@type":"SearchAction","target":{"@type":"EntryPoint","urlTemplate":"https:\/\/www.aquaphortooling.com\/?s={search_term_string}"},"query-input":{"@type":"PropertyValueSpecification","valueRequired":true,"valueName":"search_term_string"}}],"inLanguage":"et"}]}},"_links":{"self":[{"href":"https:\/\/www.aquaphortooling.com\/et\/wp-json\/wp\/v2\/pages\/4260","targetHints":{"allow":["GET"]}}],"collection":[{"href":"https:\/\/www.aquaphortooling.com\/et\/wp-json\/wp\/v2\/pages"}],"about":[{"href":"https:\/\/www.aquaphortooling.com\/et\/wp-json\/wp\/v2\/types\/page"}],"author":[{"embeddable":true,"href":"https:\/\/www.aquaphortooling.com\/et\/wp-json\/wp\/v2\/users\/1"}],"replies":[{"embeddable":true,"href":"https:\/\/www.aquaphortooling.com\/et\/wp-json\/wp\/v2\/comments?post=4260"}],"version-history":[{"count":6,"href":"https:\/\/www.aquaphortooling.com\/et\/wp-json\/wp\/v2\/pages\/4260\/revisions"}],"predecessor-version":[{"id":4494,"href":"https:\/\/www.aquaphortooling.com\/et\/wp-json\/wp\/v2\/pages\/4260\/revisions\/4494"}],"wp:attachment":[{"href":"https:\/\/www.aquaphortooling.com\/et\/wp-json\/wp\/v2\/media?parent=4260"}],"curies":[{"name":"wp","href":"https:\/\/api.w.org\/{rel}","templated":true}]}}